{"id":239,"date":"2020-11-27T10:14:19","date_gmt":"2020-11-27T10:14:19","guid":{"rendered":"https:\/\/www.basironcheese.com\/?page_id=239"},"modified":"2021-02-01T09:43:33","modified_gmt":"2021-02-01T09:43:33","slug":"basiron-tuinkruiden","status":"publish","type":"page","link":"https:\/\/www.basironcheese.com\/nl\/basiron-tuinkruiden\/","title":{"rendered":"Basiron Tuinkruiden"},"content":{"rendered":"\n[et_pb_section fb_built=&#8221;1&#8243; custom_padding_last_edited=&#8221;on|phone&#8221; admin_label=&#8221;About&#8221; module_id=&#8221;merk&#8221; _builder_version=&#8221;4.3.4&#8243; background_color=&#8221;#1c1c1c&#8221; use_background_color_gradient=&#8221;on&#8221; background_color_gradient_start=&#8221;rgba(22,11,0,0)&#8221; background_color_gradient_end=&#8221;#160b00&#8243; background_color_gradient_start_position=&#8221;72%&#8221; background_color_gradient_overlays_image=&#8221;on&#8221; background_image=&#8221;https:\/\/www.basironcheese.com\/wp-content\/uploads\/2020\/11\/BasironKaas_Tuinkruiden_Achtergrond.jpg&#8221; background_position=&#8221;top_left&#8221; custom_padding_tablet=&#8221;&#8221; custom_padding_phone=&#8221;0px||0px||true|false&#8221; locked=&#8221;off&#8221;][et_pb_row column_structure=&#8221;3_5,2_5&#8243; _builder_version=&#8221;4.3.4&#8243; custom_padding=&#8221;||86px|||&#8221;][et_pb_column type=&#8221;3_5&#8243; _builder_version=&#8221;3.26.5&#8243; custom_padding=&#8221;100px||||false|false&#8221; custom_padding_tablet=&#8221;0px||||false|false&#8221; custom_padding_phone=&#8221;&#8221; custom_padding_last_edited=&#8221;on|phone&#8221;][et_pb_text _builder_version=&#8221;4.3.4&#8243; text_text_color=&#8221;rgba(255,207,154,0.7)&#8221; text_font_size=&#8221;16px&#8221; text_line_height=&#8221;1.8em&#8221; header_2_font=&#8221;Averia Serif Libre||||||||&#8221; header_2_text_color=&#8221;#ffebd6&#8243; header_2_font_size=&#8221;60px&#8221; header_2_line_height=&#8221;1.2em&#8221; header_3_font=&#8221;Averia Serif Libre|300||on|||||&#8221; header_3_text_color=&#8221;#ffcf9a&#8221; header_3_font_size=&#8221;14px&#8221; header_3_letter_spacing=&#8221;2px&#8221; header_3_line_height=&#8221;1.2em&#8221; header_5_font=&#8221;|700||on|||||&#8221; header_5_text_color=&#8221;#ffcf9a&#8221; header_5_font_size=&#8221;14px&#8221; header_5_letter_spacing=&#8221;2px&#8221; header_5_line_height=&#8221;1.2em&#8221; background_layout=&#8221;dark&#8221; max_width=&#8221;550px&#8221; custom_margin=&#8221;||-5px|||&#8221; header_2_font_size_tablet=&#8221;40px&#8221; header_2_font_size_phone=&#8221;30px&#8221; header_2_font_size_last_edited=&#8221;on|phone&#8221; locked=&#8221;off&#8221;]<h3>smaakvolle klassieker<\/h3>\n<p>&nbsp;<\/p>[\/et_pb_text][et_pb_post_title meta=&#8221;off&#8221; featured_image=&#8221;off&#8221; _builder_version=&#8221;4.3.4&#8243; title_font=&#8221;|||on|||||&#8221; title_text_color=&#8221;#ffebd6&#8243; title_font_size=&#8221;45px&#8221;][\/et_pb_post_title][et_pb_text _builder_version=&#8221;4.3.4&#8243; text_text_color=&#8221;#ffffff&#8221; text_font_size=&#8221;16px&#8221; text_line_height=&#8221;1.8em&#8221; header_2_font=&#8221;Averia Serif Libre||||||||&#8221; header_2_text_color=&#8221;#ffebd6&#8243; header_2_font_size=&#8221;60px&#8221; header_2_line_height=&#8221;1.2em&#8221; header_3_font=&#8221;Averia Serif Libre|300||on|||||&#8221; header_3_text_color=&#8221;#ffcf9a&#8221; header_3_font_size=&#8221;14px&#8221; header_3_letter_spacing=&#8221;2px&#8221; header_3_line_height=&#8221;1.2em&#8221; header_5_font=&#8221;|700||on|||||&#8221; header_5_text_color=&#8221;#ffcf9a&#8221; header_5_font_size=&#8221;14px&#8221; header_5_letter_spacing=&#8221;2px&#8221; header_5_line_height=&#8221;1.2em&#8221; background_layout=&#8221;dark&#8221; max_width=&#8221;550px&#8221; header_2_font_size_tablet=&#8221;40px&#8221; header_2_font_size_phone=&#8221;30px&#8221; header_2_font_size_last_edited=&#8221;on|phone&#8221; text_text_shadow_style=&#8221;preset3&#8243; locked=&#8221;off&#8221;]<p>Basiron Tuinkruiden is \u00e9\u00e9n van de eerste smaakcombinaties die gecre\u00eberd is door Basiron. Het is een smaakvolle kruidenkaas met paprika, bieslook en knoflook. Een ware klassieker van hoge kwaliteit.\u00a0<\/p>[\/et_pb_text][\/et_pb_column][et_pb_column type=&#8221;2_5&#8243; _builder_version=&#8221;3.26.7&#8243; border_width_all=&#8221;2px&#8221; border_color_all=&#8221;#ffcf9a&#8221;][et_pb_image src=&#8221;@ET-DC@eyJkeW5hbWljIjp0cnVlLCJjb250ZW50IjoicG9zdF9mZWF0dXJlZF9pbWFnZSIsInNldHRpbmdzIjp7fX0=@&#8221; align=&#8221;center&#8221; _builder_version=&#8221;4.3.4&#8243; _dynamic_attributes=&#8221;src&#8221; z_index=&#8221;0&#8243; max_width_phone=&#8221;150px&#8221; max_width_last_edited=&#8221;off|desktop&#8221; custom_margin=&#8221;30px|-30px|30px|-30px|true|true&#8221; locked=&#8221;off&#8221;][\/et_pb_image][\/et_pb_column][\/et_pb_row][\/et_pb_section][et_pb_section fb_built=&#8221;1&#8243; custom_padding_last_edited=&#8221;on|tablet&#8221; admin_label=&#8221;Menu&#8221; _builder_version=&#8221;4.3.4&#8243; background_color=&#8221;#160b00&#8243; custom_padding_tablet=&#8221;0px||0px||false|false&#8221; custom_padding_phone=&#8221;&#8221; locked=&#8221;off&#8221;][et_pb_row custom_padding_last_edited=&#8221;on|phone&#8221; _builder_version=&#8221;4.3.4&#8243; custom_padding=&#8221;||35px|||&#8221; custom_padding_tablet=&#8221;&#8221; custom_padding_phone=&#8221;0px||35px||false|false&#8221; locked=&#8221;off&#8221;][et_pb_column type=&#8221;4_4&#8243; _builder_version=&#8221;3.26.5&#8243;][et_pb_text _builder_version=&#8221;4.3.4&#8243; text_text_color=&#8221;rgba(255,207,154,0.7)&#8221; text_font_size=&#8221;16px&#8221; text_line_height=&#8221;1.8em&#8221; header_2_font=&#8221;Averia Serif Libre||||||||&#8221; header_2_text_color=&#8221;#ffcf9a&#8221; header_2_font_size=&#8221;2vw&#8221; header_2_line_height=&#8221;1.2em&#8221; background_layout=&#8221;dark&#8221; header_2_font_size_tablet=&#8221;45px&#8221; header_2_font_size_phone=&#8221;35px&#8221; header_2_font_size_last_edited=&#8221;on|phone&#8221; locked=&#8221;off&#8221;]<h2>Heb je deze smaken<br \/> al eens geproefd?<\/h2>[\/et_pb_text][\/et_pb_column][\/et_pb_row][et_pb_row column_structure=&#8221;1_4,1_4,1_4,1_4&#8243; use_custom_gutter=&#8221;on&#8221; gutter_width=&#8221;2&#8243; custom_padding_last_edited=&#8221;on|phone&#8221; module_class=&#8221;three-columns&#8221; _builder_version=&#8221;4.3.4&#8243; max_width=&#8221;1250px&#8221; module_alignment=&#8221;center&#8221; custom_padding_tablet=&#8221;0px||0px||true|false&#8221; custom_padding_phone=&#8221;0px||0px||true|false&#8221; custom_css_main_element=&#8221;display:flex;&#8221; locked=&#8221;off&#8221; custom_css_main_element_last_edited=&#8221;on|phone&#8221;][et_pb_column type=&#8221;1_4&#8243; _builder_version=&#8221;3.26.5&#8243;][et_pb_blurb title=&#8221;Basiron Walnoot&#8221; url=&#8221;https:\/\/www.basironcheese.com\/basiron-walnoot\/&#8221; image=&#8221;https:\/\/www.basironcheese.com\/wp-content\/uploads\/2020\/11\/Basiron_Walnut-1.png&#8221; _builder_version=&#8221;4.3.4&#8243; header_text_align=&#8221;center&#8221; header_text_color=&#8221;#ffffff&#8221; border_color_all_image=&#8221;rgba(0,0,0,0)&#8221; child_filter_blur__hover_enabled=&#8221;off|hover&#8221; child_filter_blur__hover=&#8221;0px&#8221; child_filter_invert__hover_enabled=&#8221;off|hover&#8221; child_filter_invert__hover=&#8221;0%&#8221; child_filter_contrast__hover_enabled=&#8221;off|hover&#8221; child_filter_contrast__hover=&#8221;32%&#8221; child_filter_opacity__hover_enabled=&#8221;on|hover&#8221; child_filter_opacity__hover=&#8221;76%&#8221;][\/et_pb_blurb][\/et_pb_column][et_pb_column type=&#8221;1_4&#8243; _builder_version=&#8221;3.26.5&#8243;][et_pb_blurb title=&#8221;Basiron Bacon&#8221; url=&#8221;https:\/\/www.basironcheese.com\/basiron-bacon\/&#8221; image=&#8221;https:\/\/www.basironcheese.com\/wp-content\/uploads\/2020\/11\/Basiron_SmokedBacon.png&#8221; _builder_version=&#8221;4.3.4&#8243; header_text_align=&#8221;center&#8221; header_text_color=&#8221;#ffffff&#8221; border_color_all_image=&#8221;rgba(0,0,0,0)&#8221; child_filter_blur__hover_enabled=&#8221;off|hover&#8221; child_filter_blur__hover=&#8221;0px&#8221; child_filter_invert__hover_enabled=&#8221;off|hover&#8221; child_filter_invert__hover=&#8221;0%&#8221; child_filter_contrast__hover_enabled=&#8221;off|hover&#8221; child_filter_contrast__hover=&#8221;32%&#8221; child_filter_opacity__hover_enabled=&#8221;on|hover&#8221; child_filter_opacity__hover=&#8221;76%&#8221;][\/et_pb_blurb][\/et_pb_column][et_pb_column type=&#8221;1_4&#8243; _builder_version=&#8221;3.26.5&#8243;][et_pb_blurb title=&#8221;Basiron Pesto Verde&#8221; url=&#8221;https:\/\/www.basironcheese.com\/basiron-pesto-verde\/&#8221; image=&#8221;https:\/\/www.basironcheese.com\/wp-content\/uploads\/2020\/11\/Basiron_PestoVerde.png&#8221; _builder_version=&#8221;4.3.4&#8243; header_text_align=&#8221;center&#8221; header_text_color=&#8221;#ffffff&#8221; border_color_all_image=&#8221;rgba(0,0,0,0)&#8221; child_filter_blur__hover_enabled=&#8221;off|hover&#8221; child_filter_blur__hover=&#8221;0px&#8221; child_filter_invert__hover_enabled=&#8221;off|hover&#8221; child_filter_invert__hover=&#8221;0%&#8221; child_filter_contrast__hover_enabled=&#8221;off|hover&#8221; child_filter_contrast__hover=&#8221;32%&#8221; child_filter_opacity__hover_enabled=&#8221;on|hover&#8221; child_filter_opacity__hover=&#8221;76%&#8221;][\/et_pb_blurb][\/et_pb_column][et_pb_column type=&#8221;1_4&#8243; _builder_version=&#8221;4.3.4&#8243;][et_pb_blurb title=&#8221;Basiron Tricolore&#8221; url=&#8221;https:\/\/www.basironcheese.com\/basiron-tricolore\/&#8221; image=&#8221;https:\/\/www.basironcheese.com\/wp-content\/uploads\/2020\/11\/Basiron_Tricolore-1.png&#8221; _builder_version=&#8221;4.3.4&#8243; header_text_align=&#8221;center&#8221; header_text_color=&#8221;#ffffff&#8221; border_color_all_image=&#8221;rgba(0,0,0,0)&#8221; child_filter_blur__hover_enabled=&#8221;off|hover&#8221; child_filter_blur__hover=&#8221;0px&#8221; child_filter_invert__hover_enabled=&#8221;off|hover&#8221; child_filter_invert__hover=&#8221;0%&#8221; child_filter_contrast__hover_enabled=&#8221;off|hover&#8221; child_filter_contrast__hover=&#8221;32%&#8221; child_filter_opacity__hover_enabled=&#8221;on|hover&#8221; child_filter_opacity__hover=&#8221;76%&#8221;][\/et_pb_blurb][\/et_pb_column][\/et_pb_row][\/et_pb_section]\n","protected":false},"excerpt":{"rendered":"<p>smaakvolle klassieker &nbsp;Basiron Tuinkruiden is \u00e9\u00e9n van de eerste smaakcombinaties die gecre\u00eberd is door Basiron. Het is een smaakvolle kruidenkaas met paprika, bieslook en knoflook. Een ware klassieker van hoge kwaliteit.\u00a0Heb je deze smaken al eens geproefd?<\/p>\n","protected":false},"author":1,"featured_media":138,"parent":0,"menu_order":0,"comment_status":"closed","ping_status":"closed","template":"","meta":{"_et_pb_use_builder":"on","_et_pb_old_content":"","_et_gb_content_width":"","footnotes":""},"class_list":["post-239","page","type-page","status-publish","has-post-thumbnail","hentry"],"yoast_head":"<!-- This site is optimized with the Yoast SEO plugin v27.4 - https:\/\/yoast.com\/product\/yoast-seo-wordpress\/ -->\n<title>Basiron Tuinkruiden - Basiron Kaas<\/title>\n<meta name=\"robots\" content=\"index, follow, max-snippet:-1, max-image-preview:large, max-video-preview:-1\" \/>\n<link rel=\"canonical\" href=\"https:\/\/www.basironcheese.com\/basiron-garden-herbs\/\" \/>\n<meta property=\"og:locale\" content=\"nl_NL\" \/>\n<meta property=\"og:type\" content=\"article\" \/>\n<meta property=\"og:title\" content=\"Basiron Tuinkruiden - Basiron Kaas\" \/>\n<meta property=\"og:description\" content=\"smaakvolle klassieker &nbsp;Basiron Tuinkruiden is \u00e9\u00e9n van de eerste smaakcombinaties die gecre\u00eberd is door Basiron. Het is een smaakvolle kruidenkaas met paprika, bieslook en knoflook. Een ware klassieker van hoge kwaliteit.\u00a0Heb je deze smaken al eens geproefd?\" \/>\n<meta property=\"og:url\" content=\"https:\/\/www.basironcheese.com\/basiron-garden-herbs\/\" \/>\n<meta property=\"og:site_name\" content=\"Basiron Kaas\" \/>\n<meta property=\"article:modified_time\" content=\"2021-02-01T09:43:33+00:00\" \/>\n<meta property=\"og:image\" content=\"https:\/\/www.basironcheese.com\/wp-content\/uploads\/2020\/11\/Basiron_GardenHerbs.png\" \/>\n\t<meta property=\"og:image:width\" content=\"683\" \/>\n\t<meta property=\"og:image:height\" content=\"732\" \/>\n\t<meta property=\"og:image:type\" content=\"image\/png\" \/>\n<meta name=\"twitter:card\" content=\"summary_large_image\" \/>\n<meta name=\"twitter:label1\" content=\"Geschatte leestijd\" \/>\n\t<meta name=\"twitter:data1\" content=\"2 minuten\" \/>\n<script type=\"application\/ld+json\" class=\"yoast-schema-graph\">{\"@context\":\"https:\\\/\\\/schema.org\",\"@graph\":[{\"@type\":\"WebPage\",\"@id\":\"https:\\\/\\\/www.basironcheese.com\\\/basiron-garden-herbs\\\/\",\"url\":\"https:\\\/\\\/www.basironcheese.com\\\/basiron-garden-herbs\\\/\",\"name\":\"Basiron Tuinkruiden - Basiron Kaas\",\"isPartOf\":{\"@id\":\"https:\\\/\\\/www.basironcheese.com\\\/#website\"},\"primaryImageOfPage\":{\"@id\":\"https:\\\/\\\/www.basironcheese.com\\\/basiron-garden-herbs\\\/#primaryimage\"},\"image\":{\"@id\":\"https:\\\/\\\/www.basironcheese.com\\\/basiron-garden-herbs\\\/#primaryimage\"},\"thumbnailUrl\":\"https:\\\/\\\/www.basironcheese.com\\\/wp-content\\\/uploads\\\/2020\\\/11\\\/Basiron_GardenHerbs.png\",\"datePublished\":\"2020-11-27T10:14:19+00:00\",\"dateModified\":\"2021-02-01T09:43:33+00:00\",\"breadcrumb\":{\"@id\":\"https:\\\/\\\/www.basironcheese.com\\\/basiron-garden-herbs\\\/#breadcrumb\"},\"inLanguage\":\"nl-NL\",\"potentialAction\":[{\"@type\":\"ReadAction\",\"target\":[\"https:\\\/\\\/www.basironcheese.com\\\/basiron-garden-herbs\\\/\"]}]},{\"@type\":\"ImageObject\",\"inLanguage\":\"nl-NL\",\"@id\":\"https:\\\/\\\/www.basironcheese.com\\\/basiron-garden-herbs\\\/#primaryimage\",\"url\":\"https:\\\/\\\/www.basironcheese.com\\\/wp-content\\\/uploads\\\/2020\\\/11\\\/Basiron_GardenHerbs.png\",\"contentUrl\":\"https:\\\/\\\/www.basironcheese.com\\\/wp-content\\\/uploads\\\/2020\\\/11\\\/Basiron_GardenHerbs.png\",\"width\":683,\"height\":732},{\"@type\":\"BreadcrumbList\",\"@id\":\"https:\\\/\\\/www.basironcheese.com\\\/basiron-garden-herbs\\\/#breadcrumb\",\"itemListElement\":[{\"@type\":\"ListItem\",\"position\":1,\"name\":\"Home\",\"item\":\"https:\\\/\\\/www.basironcheese.com\\\/nl\\\/\"},{\"@type\":\"ListItem\",\"position\":2,\"name\":\"Basiron Tuinkruiden\"}]},{\"@type\":\"WebSite\",\"@id\":\"https:\\\/\\\/www.basironcheese.com\\\/#website\",\"url\":\"https:\\\/\\\/www.basironcheese.com\\\/\",\"name\":\"Basiron Kaas\",\"description\":\"Het meeste verrassende kaasmerk van Nederland\",\"publisher\":{\"@id\":\"https:\\\/\\\/www.basironcheese.com\\\/#organization\"},\"potentialAction\":[{\"@type\":\"SearchAction\",\"target\":{\"@type\":\"EntryPoint\",\"urlTemplate\":\"https:\\\/\\\/www.basironcheese.com\\\/?s={search_term_string}\"},\"query-input\":{\"@type\":\"PropertyValueSpecification\",\"valueRequired\":true,\"valueName\":\"search_term_string\"}}],\"inLanguage\":\"nl-NL\"},{\"@type\":\"Organization\",\"@id\":\"https:\\\/\\\/www.basironcheese.com\\\/#organization\",\"name\":\"Basiron Kaas\",\"url\":\"https:\\\/\\\/www.basironcheese.com\\\/\",\"logo\":{\"@type\":\"ImageObject\",\"inLanguage\":\"nl-NL\",\"@id\":\"https:\\\/\\\/www.basironcheese.com\\\/#\\\/schema\\\/logo\\\/image\\\/\",\"url\":\"https:\\\/\\\/www.basironcheese.com\\\/wp-content\\\/uploads\\\/2020\\\/11\\\/Logo_Basiron_We_donker_2020.png\",\"contentUrl\":\"https:\\\/\\\/www.basironcheese.com\\\/wp-content\\\/uploads\\\/2020\\\/11\\\/Logo_Basiron_We_donker_2020.png\",\"width\":332,\"height\":235,\"caption\":\"Basiron Kaas\"},\"image\":{\"@id\":\"https:\\\/\\\/www.basironcheese.com\\\/#\\\/schema\\\/logo\\\/image\\\/\"},\"sameAs\":[\"https:\\\/\\\/www.instagram.com\\\/basiron_kaas\\\/\"]}]}<\/script>\n<!-- \/ Yoast SEO plugin. -->","yoast_head_json":{"title":"Basiron Tuinkruiden - Basiron Kaas","robots":{"index":"index","follow":"follow","max-snippet":"max-snippet:-1","max-image-preview":"max-image-preview:large","max-video-preview":"max-video-preview:-1"},"canonical":"https:\/\/www.basironcheese.com\/basiron-garden-herbs\/","og_locale":"nl_NL","og_type":"article","og_title":"Basiron Tuinkruiden - Basiron Kaas","og_description":"smaakvolle klassieker &nbsp;Basiron Tuinkruiden is \u00e9\u00e9n van de eerste smaakcombinaties die gecre\u00eberd is door Basiron. Het is een smaakvolle kruidenkaas met paprika, bieslook en knoflook. Een ware klassieker van hoge kwaliteit.\u00a0Heb je deze smaken al eens geproefd?","og_url":"https:\/\/www.basironcheese.com\/basiron-garden-herbs\/","og_site_name":"Basiron Kaas","article_modified_time":"2021-02-01T09:43:33+00:00","og_image":[{"width":683,"height":732,"url":"https:\/\/www.basironcheese.com\/wp-content\/uploads\/2020\/11\/Basiron_GardenHerbs.png","type":"image\/png"}],"twitter_card":"summary_large_image","twitter_misc":{"Geschatte leestijd":"2 minuten"},"schema":{"@context":"https:\/\/schema.org","@graph":[{"@type":"WebPage","@id":"https:\/\/www.basironcheese.com\/basiron-garden-herbs\/","url":"https:\/\/www.basironcheese.com\/basiron-garden-herbs\/","name":"Basiron Tuinkruiden - Basiron Kaas","isPartOf":{"@id":"https:\/\/www.basironcheese.com\/#website"},"primaryImageOfPage":{"@id":"https:\/\/www.basironcheese.com\/basiron-garden-herbs\/#primaryimage"},"image":{"@id":"https:\/\/www.basironcheese.com\/basiron-garden-herbs\/#primaryimage"},"thumbnailUrl":"https:\/\/www.basironcheese.com\/wp-content\/uploads\/2020\/11\/Basiron_GardenHerbs.png","datePublished":"2020-11-27T10:14:19+00:00","dateModified":"2021-02-01T09:43:33+00:00","breadcrumb":{"@id":"https:\/\/www.basironcheese.com\/basiron-garden-herbs\/#breadcrumb"},"inLanguage":"nl-NL","potentialAction":[{"@type":"ReadAction","target":["https:\/\/www.basironcheese.com\/basiron-garden-herbs\/"]}]},{"@type":"ImageObject","inLanguage":"nl-NL","@id":"https:\/\/www.basironcheese.com\/basiron-garden-herbs\/#primaryimage","url":"https:\/\/www.basironcheese.com\/wp-content\/uploads\/2020\/11\/Basiron_GardenHerbs.png","contentUrl":"https:\/\/www.basironcheese.com\/wp-content\/uploads\/2020\/11\/Basiron_GardenHerbs.png","width":683,"height":732},{"@type":"BreadcrumbList","@id":"https:\/\/www.basironcheese.com\/basiron-garden-herbs\/#breadcrumb","itemListElement":[{"@type":"ListItem","position":1,"name":"Home","item":"https:\/\/www.basironcheese.com\/nl\/"},{"@type":"ListItem","position":2,"name":"Basiron Tuinkruiden"}]},{"@type":"WebSite","@id":"https:\/\/www.basironcheese.com\/#website","url":"https:\/\/www.basironcheese.com\/","name":"Basiron Kaas","description":"Het meeste verrassende kaasmerk van Nederland","publisher":{"@id":"https:\/\/www.basironcheese.com\/#organization"},"potentialAction":[{"@type":"SearchAction","target":{"@type":"EntryPoint","urlTemplate":"https:\/\/www.basironcheese.com\/?s={search_term_string}"},"query-input":{"@type":"PropertyValueSpecification","valueRequired":true,"valueName":"search_term_string"}}],"inLanguage":"nl-NL"},{"@type":"Organization","@id":"https:\/\/www.basironcheese.com\/#organization","name":"Basiron Kaas","url":"https:\/\/www.basironcheese.com\/","logo":{"@type":"ImageObject","inLanguage":"nl-NL","@id":"https:\/\/www.basironcheese.com\/#\/schema\/logo\/image\/","url":"https:\/\/www.basironcheese.com\/wp-content\/uploads\/2020\/11\/Logo_Basiron_We_donker_2020.png","contentUrl":"https:\/\/www.basironcheese.com\/wp-content\/uploads\/2020\/11\/Logo_Basiron_We_donker_2020.png","width":332,"height":235,"caption":"Basiron Kaas"},"image":{"@id":"https:\/\/www.basironcheese.com\/#\/schema\/logo\/image\/"},"sameAs":["https:\/\/www.instagram.com\/basiron_kaas\/"]}]}},"_links":{"self":[{"href":"https:\/\/www.basironcheese.com\/nl\/wp-json\/wp\/v2\/pages\/239","targetHints":{"allow":["GET"]}}],"collection":[{"href":"https:\/\/www.basironcheese.com\/nl\/wp-json\/wp\/v2\/pages"}],"about":[{"href":"https:\/\/www.basironcheese.com\/nl\/wp-json\/wp\/v2\/types\/page"}],"author":[{"embeddable":true,"href":"https:\/\/www.basironcheese.com\/nl\/wp-json\/wp\/v2\/users\/1"}],"replies":[{"embeddable":true,"href":"https:\/\/www.basironcheese.com\/nl\/wp-json\/wp\/v2\/comments?post=239"}],"version-history":[{"count":7,"href":"https:\/\/www.basironcheese.com\/nl\/wp-json\/wp\/v2\/pages\/239\/revisions"}],"predecessor-version":[{"id":806,"href":"https:\/\/www.basironcheese.com\/nl\/wp-json\/wp\/v2\/pages\/239\/revisions\/806"}],"wp:featuredmedia":[{"embeddable":true,"href":"https:\/\/www.basironcheese.com\/nl\/wp-json\/wp\/v2\/media\/138"}],"wp:attachment":[{"href":"https:\/\/www.basironcheese.com\/nl\/wp-json\/wp\/v2\/media?parent=239"}],"curies":[{"name":"wp","href":"https:\/\/api.w.org\/{rel}","templated":true}]}}